{"id":5435,"date":"2025-06-20T21:11:36","date_gmt":"2025-06-21T02:11:36","guid":{"rendered":"https:\/\/alluxrent.com\/?post_type=product&#038;p=5435"},"modified":"2025-07-15T20:46:10","modified_gmt":"2025-07-16T01:46:10","slug":"experiencia-diurna-aventura-en-las-islas-bote-bravo-410-pies","status":"publish","type":"product","link":"https:\/\/alluxrent.com\/en\/product\/experiencia-diurna-aventura-en-las-islas-bote-bravo-410-pies\/","title":{"rendered":"Bote Bravo 410 pies"},"content":{"rendered":"<p>Perfecto para vivir una experiencia inolvidable en el mar Caribe. Ideal para familias que quieren compartir momentos \u00fanicos, grupos de amigos que buscan aventura y diversi\u00f3n, o parejas que desean disfrutar de un d\u00eda rom\u00e1ntico bajo el sol, navegando por las aguas cristalinas de Cartagena.<\/p>","protected":false},"excerpt":{"rendered":"<p>Perfecto para vivir una experiencia inolvidable en el mar Caribe. Ideal para familias que quieren compartir momentos \u00fanicos, grupos de amigos que buscan aventura y diversi\u00f3n, o parejas que desean disfrutar de un d\u00eda rom\u00e1ntico bajo el sol, navegando por las aguas cristalinas de Cartagena.<\/p>","protected":false},"featured_media":5354,"comment_status":"open","ping_status":"closed","template":"","meta":{"_acf_changed":false,"_joinchat":[]},"product_brand":[],"product_cat":[265,206],"product_tag":[],"class_list":{"0":"post-5435","1":"product","2":"type-product","3":"status-publish","4":"has-post-thumbnail","6":"product_cat-bote","7":"product_cat-botes","9":"first","10":"instock","11":"shipping-taxable","12":"purchasable","13":"product-type-simple"},"acf":[],"_links":{"self":[{"href":"https:\/\/alluxrent.com\/en\/wp-json\/wp\/v2\/product\/5435","targetHints":{"allow":["GET"]}}],"collection":[{"href":"https:\/\/alluxrent.com\/en\/wp-json\/wp\/v2\/product"}],"about":[{"href":"https:\/\/alluxrent.com\/en\/wp-json\/wp\/v2\/types\/product"}],"replies":[{"embeddable":true,"href":"https:\/\/alluxrent.com\/en\/wp-json\/wp\/v2\/comments?post=5435"}],"wp:featuredmedia":[{"embeddable":true,"href":"https:\/\/alluxrent.com\/en\/wp-json\/wp\/v2\/media\/5354"}],"wp:attachment":[{"href":"https:\/\/alluxrent.com\/en\/wp-json\/wp\/v2\/media?parent=5435"}],"wp:term":[{"taxonomy":"product_brand","embeddable":true,"href":"https:\/\/alluxrent.com\/en\/wp-json\/wp\/v2\/product_brand?post=5435"},{"taxonomy":"product_cat","embeddable":true,"href":"https:\/\/alluxrent.com\/en\/wp-json\/wp\/v2\/product_cat?post=5435"},{"taxonomy":"product_tag","embeddable":true,"href":"https:\/\/alluxrent.com\/en\/wp-json\/wp\/v2\/product_tag?post=5435"}],"curies":[{"name":"wp","href":"https:\/\/api.w.org\/{rel}","templated":true}]}}