{"id":5462,"date":"2025-06-20T22:37:53","date_gmt":"2025-06-21T03:37:53","guid":{"rendered":"https:\/\/alluxrent.com\/?post_type=product&#038;p=5462"},"modified":"2025-07-15T20:45:58","modified_gmt":"2025-07-16T01:45:58","slug":"experiencia-nocturna-atardecer-en-la-bahia-bote-bravo-410-pies","status":"publish","type":"product","link":"https:\/\/alluxrent.com\/en\/product\/experiencia-nocturna-atardecer-en-la-bahia-bote-bravo-410-pies\/","title":{"rendered":"Bote Bravo 410 pies"},"content":{"rendered":"<p>Descubre una velada \u00fanica que har\u00e1 latir tu coraz\u00f3n al ritmo de las olas en la bah\u00eda de Cartagena. Al caer el sol, zarpar\u00e1s desde el muelle hist\u00f3rico para sumergirte en un mundo de lujo y sofisticaci\u00f3n, donde cada rinc\u00f3n de la cubierta ha sido pensado para envolver tus sentidos.<\/p>","protected":false},"excerpt":{"rendered":"<p>Descubre una velada \u00fanica que har\u00e1 latir tu coraz\u00f3n al ritmo de las olas en la bah\u00eda de Cartagena. Al caer el sol, zarpar\u00e1s desde el muelle hist\u00f3rico para sumergirte en un mundo de lujo y sofisticaci\u00f3n, donde cada rinc\u00f3n de la cubierta ha sido pensado para envolver tus sentidos.<\/p>","protected":false},"featured_media":5259,"comment_status":"open","ping_status":"closed","template":"","meta":{"_acf_changed":false,"_joinchat":[]},"product_brand":[],"product_cat":[265,206],"product_tag":[],"class_list":{"0":"post-5462","1":"product","2":"type-product","3":"status-publish","4":"has-post-thumbnail","6":"product_cat-bote","7":"product_cat-botes","9":"first","10":"instock","11":"shipping-taxable","12":"purchasable","13":"product-type-simple"},"acf":[],"_links":{"self":[{"href":"https:\/\/alluxrent.com\/en\/wp-json\/wp\/v2\/product\/5462","targetHints":{"allow":["GET"]}}],"collection":[{"href":"https:\/\/alluxrent.com\/en\/wp-json\/wp\/v2\/product"}],"about":[{"href":"https:\/\/alluxrent.com\/en\/wp-json\/wp\/v2\/types\/product"}],"replies":[{"embeddable":true,"href":"https:\/\/alluxrent.com\/en\/wp-json\/wp\/v2\/comments?post=5462"}],"wp:featuredmedia":[{"embeddable":true,"href":"https:\/\/alluxrent.com\/en\/wp-json\/wp\/v2\/media\/5259"}],"wp:attachment":[{"href":"https:\/\/alluxrent.com\/en\/wp-json\/wp\/v2\/media?parent=5462"}],"wp:term":[{"taxonomy":"product_brand","embeddable":true,"href":"https:\/\/alluxrent.com\/en\/wp-json\/wp\/v2\/product_brand?post=5462"},{"taxonomy":"product_cat","embeddable":true,"href":"https:\/\/alluxrent.com\/en\/wp-json\/wp\/v2\/product_cat?post=5462"},{"taxonomy":"product_tag","embeddable":true,"href":"https:\/\/alluxrent.com\/en\/wp-json\/wp\/v2\/product_tag?post=5462"}],"curies":[{"name":"wp","href":"https:\/\/api.w.org\/{rel}","templated":true}]}}